{"id":37,"date":"2022-02-09T10:04:02","date_gmt":"2022-02-09T09:04:02","guid":{"rendered":"https:\/\/edtmeier-finanz-optimierung.at\/?page_id=37"},"modified":"2025-11-03T14:31:01","modified_gmt":"2025-11-03T13:31:01","slug":"startseite","status":"publish","type":"page","link":"https:\/\/edtmeier-finanz-optimierung.at\/","title":{"rendered":"Startseite"},"content":{"rendered":"<p>[et_pb_section fb_built=&#8220;1&#8243; custom_padding_last_edited=&#8220;on|desktop&#8220; _builder_version=&#8220;4.14.7&#8243; _module_preset=&#8220;default&#8220; background_color=&#8220;#202021&#8243; background_color_gradient_start=&#8220;#202021&#8243; background_color_gradient_end=&#8220;#202021&#8243; background_color_gradient_direction=&#8220;90deg&#8220; background_enable_image=&#8220;off&#8220; background_position=&#8220;top_right&#8220; width=&#8220;80%&#8220; module_alignment=&#8220;center&#8220; height=&#8220;90vh&#8220; custom_padding=&#8220;0px||0px||true|false&#8220; custom_padding_tablet=&#8220;&#8220; custom_padding_phone=&#8220;93px||93px||true&#8220; bottom_divider_height=&#8220;66px&#8220; animation_style=&#8220;fade&#8220; animation_direction=&#8220;top&#8220; animation_duration=&#8220;1500ms&#8220; custom_css_main_element=&#8220;overflow: hidden !important;&#8220; global_colors_info=&#8220;{}&#8220;][et_pb_row column_structure=&#8220;1_2,1_2&#8243; _builder_version=&#8220;4.14.7&#8243; _module_preset=&#8220;default&#8220; width=&#8220;100%&#8220; max_width=&#8220;none&#8220; overflow-y=&#8220;hidden&#8220; custom_padding=&#8220;0px|||||&#8220; global_colors_info=&#8220;{}&#8220;][et_pb_column type=&#8220;1_2&#8243; _builder_version=&#8220;4.14.7&#8243; _module_preset=&#8220;default&#8220; custom_css_main_element=&#8220;margin: auto;||&#8220; global_colors_info=&#8220;{}&#8220;][et_pb_image src=&#8220;https:\/\/edtmeier-finanz-optimierung.at\/wp-content\/uploads\/2022\/05\/718A9491c-2.jpg&#8220; title_text=&#8220;718A9491c&#8220; _builder_version=&#8220;4.14.7&#8243; _module_preset=&#8220;default&#8220; module_alignment=&#8220;center&#8220; max_height=&#8220;80vh&#8220; overflow-y=&#8220;hidden&#8220; global_colors_info=&#8220;{}&#8220; src__hover_enabled=&#8220;off|desktop&#8220;][\/et_pb_image][\/et_pb_column][et_pb_column type=&#8220;1_2&#8243; _builder_version=&#8220;4.14.7&#8243; _module_preset=&#8220;default&#8220; global_colors_info=&#8220;{}&#8220;][et_pb_image src=&#8220;https:\/\/edtmeier-finanz-optimierung.at\/wp-content\/uploads\/2022\/05\/aichinger-subline.svg&#8220; title_text=&#8220;aichinger-subline&#8220; disabled_on=&#8220;on|on|off&#8220; _builder_version=&#8220;4.14.7&#8243; _module_preset=&#8220;default&#8220; width=&#8220;100%&#8220; max_width=&#8220;100%&#8220; module_alignment=&#8220;center&#8220; height=&#8220;80vh&#8220; global_colors_info=&#8220;{}&#8220;][\/et_pb_image][\/et_pb_column][\/et_pb_row][\/et_pb_section][et_pb_section fb_built=&#8220;1&#8243; _builder_version=&#8220;4.14.7&#8243; _module_preset=&#8220;default&#8220; background_color=&#8220;#828282&#8243; background_image=&#8220;https:\/\/edtmeier-finanz-optimierung.at\/wp-content\/uploads\/2022\/05\/718A12376.jpg&#8220; parallax=&#8220;on&#8220; parallax_method=&#8220;off&#8220; min_height=&#8220;50vh&#8220; custom_padding=&#8220;103px||103px||true|&#8220; top_divider_color=&#8220;RGBA(255,255,255,0)&#8220; top_divider_height=&#8220;36px&#8220; global_colors_info=&#8220;{}&#8220;][\/et_pb_section][et_pb_section fb_built=&#8220;1&#8243; module_id=&#8220;ueberuns&#8220; _builder_version=&#8220;4.14.7&#8243; _module_preset=&#8220;default&#8220; background_color=&#8220;#202021&#8243; background_color_gradient_start=&#8220;#202021&#8243; background_color_gradient_end=&#8220;#575656&#8243; background_color_gradient_direction=&#8220;360deg&#8220; background_image=&#8220;https:\/\/edtmeier-finanz-optimierung.at\/wp-content\/uploads\/2022\/04\/bg-1.jpg&#8220; parallax=&#8220;on&#8220; parallax_method=&#8220;off&#8220; custom_padding=&#8220;60px|0px|60px|0px|true|false&#8220; global_colors_info=&#8220;{}&#8220;][et_pb_row column_structure=&#8220;1_2,1_2&#8243; use_custom_gutter=&#8220;on&#8220; gutter_width=&#8220;2&#8243; make_equal=&#8220;on&#8220; _builder_version=&#8220;4.14.7&#8243; _module_preset=&#8220;default&#8220; width=&#8220;98%&#8220; width_tablet=&#8220;90%&#8220; width_phone=&#8220;90%&#8220; width_last_edited=&#8220;on|tablet&#8220; max_width=&#8220;1170px&#8220; max_width_tablet=&#8220;90%&#8220; max_width_phone=&#8220;90%&#8220; max_width_last_edited=&#8220;on|tablet&#8220; custom_padding=&#8220;29px|0px|29px|0px|true|false&#8220; animation_style=&#8220;fade&#8220; animation_duration=&#8220;1500ms&#8220; global_colors_info=&#8220;{}&#8220;][et_pb_column type=&#8220;1_2&#8243; _builder_version=&#8220;3.25&#8243; _module_preset=&#8220;default&#8220; custom_padding=&#8220;|||&#8220; global_colors_info=&#8220;{}&#8220; custom_padding__hover=&#8220;|||&#8220;][et_pb_text _builder_version=&#8220;4.14.7&#8243; _module_preset=&#8220;default&#8220; text_font=&#8220;Poppins||||||||&#8220; text_text_color=&#8220;#F2F2F2&#8243; header_font=&#8220;aventa|||on|||||&#8220; header_text_align=&#8220;left&#8220; header_text_color=&#8220;#D7B46A&#8220; header_line_height=&#8220;1.4em&#8220; header_2_font=&#8220;biloxi||||||||&#8220; header_2_text_color=&#8220;#D7B46A&#8220; header_2_font_size=&#8220;15px&#8220; module_alignment=&#8220;center&#8220; custom_padding=&#8220;17px||&#8220; header_font_size_tablet=&#8220;&#8220; header_font_size_phone=&#8220;25px&#8220; header_font_size_last_edited=&#8220;on|desktop&#8220; global_colors_info=&#8220;{}&#8220;]<\/p>\n<h1>\u00dcber uns<\/h1>\n<p>[\/et_pb_text][et_pb_text _builder_version=&#8220;4.14.7&#8243; _module_preset=&#8220;default&#8220; text_font=&#8220;biloxi||||||||&#8220; text_text_color=&#8220;#5499D4&#8243; header_font=&#8220;bnkgothom|600|||||||&#8220; header_text_align=&#8220;left&#8220; header_text_color=&#8220;#D7B46A&#8220; header_font_size=&#8220;18px&#8220; header_line_height=&#8220;1.4em&#8220; header_2_font=&#8220;biloxi|500|||||||&#8220; header_2_text_color=&#8220;#D7B46A&#8220; header_2_font_size=&#8220;38px&#8220; module_alignment=&#8220;center&#8220; custom_margin=&#8220;-16px|-17px||||&#8220; custom_padding=&#8220;0px||&#8220; global_colors_info=&#8220;{}&#8220;]<\/p>\n<h2 style=\"text-align: left;\">Der Brilliant unter den Diamanten<\/h2>\n<p>[\/et_pb_text][et_pb_text _builder_version=&#8220;4.14.7&#8243; _module_preset=&#8220;default&#8220; text_font=&#8220;||||||||&#8220; text_text_color=&#8220;#F2F2F2&#8243; text_font_size=&#8220;15px&#8220; header_font=&#8220;Yeseva One||||||||&#8220; header_text_color=&#8220;#D7B46A&#8220; header_font_size=&#8220;47px&#8220; header_line_height=&#8220;1.2em&#8220; custom_margin=&#8220;-6px||&#8220; custom_padding=&#8220;||32px|||&#8220; global_colors_info=&#8220;{}&#8220;]<\/p>\n<p><span>Seit 1998 ist es meine Passion, f\u00fcr Privat- und Firmenkunden<br \/>\nunabh\u00e4ngige und ma\u00dfgeschneiderte Finanzl\u00f6sungen zu pr\u00e4sentieren.<br \/>\nMeine Gewerbeberechtigungen umfassen die T\u00e4tigkeitsbereiche<br \/>\nVerm\u00f6gensberatung, Finanzierungsberatung und Versicherungsmakler.<br \/>\nIch kooperiere mit den rund 100 besten Gesellschaften am Finanzsektor.<br \/>\nDurch meine exklusive und ma\u00dfgeschneiderte Beratung<br \/>\nerm\u00f6glichen ich meinen   Kunden den Zugang zu einzigartigen Finanzprodukten.<br \/>\nMeine individuelle Finanzberatung biete ich, ausgehend von Salzburg, \u00f6sterreichweit an.<br \/>\n<\/span><\/p>\n<p>[\/et_pb_text][\/et_pb_column][et_pb_column type=&#8220;1_2&#8243; _builder_version=&#8220;4.14.7&#8243; _module_preset=&#8220;default&#8220; custom_padding=&#8220;|||&#8220; global_colors_info=&#8220;{}&#8220; custom_padding__hover=&#8220;|||&#8220;][et_pb_image src=&#8220;https:\/\/edtmeier-finanz-optimierung.at\/wp-content\/uploads\/2022\/05\/portrait.jpg&#8220; title_text=&#8220;portrait&#8220; _builder_version=&#8220;4.14.7&#8243; _module_preset=&#8220;default&#8220; custom_padding=&#8220;||1px|||&#8220; global_colors_info=&#8220;{}&#8220;][\/et_pb_image][\/et_pb_column][\/et_pb_row][\/et_pb_section][et_pb_section fb_built=&#8220;1&#8243; _builder_version=&#8220;4.14.7&#8243; _module_preset=&#8220;default&#8220; background_color=&#8220;#202021&#8243; background_image=&#8220;https:\/\/edtmeier-finanz-optimierung.at\/wp-content\/uploads\/2022\/05\/718A0176.jpg&#8220; parallax=&#8220;on&#8220; parallax_method=&#8220;off&#8220; min_height=&#8220;50vh&#8220; custom_padding=&#8220;103px||103px||true|&#8220; global_colors_info=&#8220;{}&#8220;][\/et_pb_section][et_pb_section fb_built=&#8220;1&#8243; module_id=&#8220;leistungsangebot&#8220; _builder_version=&#8220;4.14.7&#8243; _module_preset=&#8220;default&#8220; background_color=&#8220;#202021&#8243; background_image=&#8220;https:\/\/edtmeier-finanz-optimierung.at\/wp-content\/uploads\/2022\/04\/bg-1.jpg&#8220; parallax=&#8220;on&#8220; parallax_method=&#8220;off&#8220; custom_padding=&#8220;80px|0px|80px|0px|true|false&#8220; global_colors_info=&#8220;{}&#8220;][et_pb_row use_custom_gutter=&#8220;on&#8220; gutter_width=&#8220;2&#8243; make_equal=&#8220;on&#8220; _builder_version=&#8220;4.14.7&#8243; _module_preset=&#8220;default&#8220; width=&#8220;98%&#8220; width_tablet=&#8220;90%&#8220; width_phone=&#8220;90%&#8220; width_last_edited=&#8220;on|tablet&#8220; max_width=&#8220;1170px&#8220; max_width_tablet=&#8220;90%&#8220; max_width_phone=&#8220;90%&#8220; max_width_last_edited=&#8220;on|tablet&#8220; custom_padding=&#8220;11px|0px|21px|0px|false|false&#8220; animation_style=&#8220;fade&#8220; animation_duration=&#8220;1500ms&#8220; global_colors_info=&#8220;{}&#8220;][et_pb_column type=&#8220;4_4&#8243; _builder_version=&#8220;4.14.7&#8243; _module_preset=&#8220;default&#8220; custom_padding=&#8220;|||&#8220; global_colors_info=&#8220;{}&#8220; custom_padding__hover=&#8220;|||&#8220;][et_pb_text _builder_version=&#8220;4.14.7&#8243; _module_preset=&#8220;default&#8220; text_font=&#8220;Poppins||||||||&#8220; text_text_color=&#8220;#F2F2F2&#8243; header_font=&#8220;aventa|||on|||||&#8220; header_text_align=&#8220;left&#8220; header_text_color=&#8220;#D7B46A&#8220; header_line_height=&#8220;1.4em&#8220; header_2_font=&#8220;biloxi||||||||&#8220; header_2_text_color=&#8220;#D7B46A&#8220; header_2_font_size=&#8220;15px&#8220; module_alignment=&#8220;center&#8220; custom_padding=&#8220;17px||&#8220; header_font_size_tablet=&#8220;&#8220; header_font_size_phone=&#8220;25px&#8220; header_font_size_last_edited=&#8220;on|desktop&#8220; global_colors_info=&#8220;{}&#8220;]<\/p>\n<h1>Leistungsangebot<\/h1>\n<p>[\/et_pb_text][et_pb_text _builder_version=&#8220;4.14.7&#8243; _module_preset=&#8220;default&#8220; text_font=&#8220;biloxi||||||||&#8220; text_text_color=&#8220;#5499D4&#8243; header_font=&#8220;bnkgothom|600|||||||&#8220; header_text_align=&#8220;left&#8220; header_text_color=&#8220;#D7B46A&#8220; header_font_size=&#8220;18px&#8220; header_line_height=&#8220;1.4em&#8220; header_2_font=&#8220;biloxi|500|||||||&#8220; header_2_text_color=&#8220;#D7B46A&#8220; header_2_font_size=&#8220;38px&#8220; module_alignment=&#8220;center&#8220; custom_margin=&#8220;-16px|-17px||||&#8220; custom_padding=&#8220;0px||&#8220; global_colors_info=&#8220;{}&#8220;]<\/p>\n<h2 style=\"text-align: left;\">Der Brilliant unter den Diamanten<\/h2>\n<p>[\/et_pb_text][\/et_pb_column][\/et_pb_row][et_pb_row column_structure=&#8220;1_3,1_3,1_3&#8243; use_custom_gutter=&#8220;on&#8220; gutter_width=&#8220;2&#8243; make_equal=&#8220;on&#8220; _builder_version=&#8220;4.14.7&#8243; _module_preset=&#8220;default&#8220; width=&#8220;98%&#8220; width_tablet=&#8220;90%&#8220; width_phone=&#8220;90%&#8220; width_last_edited=&#8220;on|tablet&#8220; max_width=&#8220;1170px&#8220; max_width_tablet=&#8220;90%&#8220; max_width_phone=&#8220;90%&#8220; max_width_last_edited=&#8220;on|tablet&#8220; custom_padding=&#8220;27px|0px|21px|0px|false|false&#8220; animation_style=&#8220;fade&#8220; animation_duration=&#8220;1500ms&#8220; global_colors_info=&#8220;{}&#8220;][et_pb_column type=&#8220;1_3&#8243; _builder_version=&#8220;4.14.7&#8243; _module_preset=&#8220;default&#8220; custom_padding=&#8220;|||&#8220; global_colors_info=&#8220;{}&#8220; custom_padding__hover=&#8220;|||&#8220; transform_styles__hover_enabled=&#8220;off|hover&#8220; transform_scale__hover_enabled=&#8220;off|hover&#8220; transform_translate__hover_enabled=&#8220;off|hover&#8220; transform_rotate__hover_enabled=&#8220;off|hover&#8220; transform_skew__hover_enabled=&#8220;off|hover&#8220; transform_origin__hover_enabled=&#8220;off|hover&#8220;][et_pb_blurb title=&#8220;Finanzierungs-optimierung&#8220; icon_placement=&#8220;left&#8220; image_icon_width=&#8220;90px&#8220; _builder_version=&#8220;4.14.7&#8243; _module_preset=&#8220;default&#8220; header_font=&#8220;aventa|600||on|||||&#8220; header_text_color=&#8220;#D7B46A&#8220; header_font_size=&#8220;14px&#8220; header_line_height=&#8220;1.7em&#8220; body_font=&#8220;Muli||||||||&#8220; body_text_color=&#8220;#F2F2F2&#8243; body_font_size=&#8220;15px&#8220; transform_translate_linked__hover=&#8220;off&#8220; custom_padding=&#8220;16px|5%||&#8220; animation=&#8220;off&#8220; hover_enabled=&#8220;0&#8243; border_width_top_image=&#8220;8px&#8220; border_color_top_image=&#8220;rgba(0,0,0,0)&#8220; border_width_right_image=&#8220;10px&#8220; border_color_right_image=&#8220;rgba(0,0,0,0)&#8220; image_max_width=&#8220;83px&#8220; global_colors_info=&#8220;{}&#8220; transform_styles__hover_enabled=&#8220;on|hover&#8220; transform_scale__hover_enabled=&#8220;on|hover&#8220; transform_translate__hover_enabled=&#8220;on&#8220; transform_rotate__hover_enabled=&#8220;on&#8220; transform_skew__hover_enabled=&#8220;on&#8220; transform_origin__hover_enabled=&#8220;on&#8220; custom_css_blurb_image_last_edited=&#8220;on|phone&#8220; custom_css_blurb_image_phone=&#8220;display: none;&#8220; header_level=&#8220;h3&#8243; sticky_enabled=&#8220;0&#8243;]<\/p>\n<p><span><\/span><span>Kooperation mit \u00fcber 100 Banken und Kreditinstituten<\/span><\/p>\n<p>Ma\u00dfgeschneiderte und individuelle Kreditl\u00f6sungen<br \/>Perfekte Aufbereitung der Finanzierungsunterlagen<br \/>Kooperation mit \u00fcber 100 Banken und Kreditinstituten<br \/>Langfristige Betreuung<\/p>\n<p>[\/et_pb_blurb][\/et_pb_column][et_pb_column type=&#8220;1_3&#8243; _builder_version=&#8220;3.25&#8243; _module_preset=&#8220;default&#8220; custom_padding=&#8220;|||&#8220; global_colors_info=&#8220;{}&#8220; custom_padding__hover=&#8220;|||&#8220;][et_pb_blurb title=&#8220;Premium Verm\u00f6gensberatung&#8220; icon_placement=&#8220;left&#8220; image_icon_width=&#8220;90px&#8220; disabled_on=&#8220;off|off|off&#8220; _builder_version=&#8220;4.14.7&#8243; _module_preset=&#8220;default&#8220; header_font=&#8220;aventa|600||on|||||&#8220; header_text_color=&#8220;#D7B46A&#8220; header_font_size=&#8220;14px&#8220; header_line_height=&#8220;1.7em&#8220; body_font=&#8220;Muli||||||||&#8220; body_text_color=&#8220;#F2F2F2&#8243; body_font_size=&#8220;15px&#8220; transform_translate_linked__hover=&#8220;off&#8220; custom_padding=&#8220;16px|5%||&#8220; animation=&#8220;off&#8220; hover_enabled=&#8220;0&#8243; border_width_top_image=&#8220;8px&#8220; border_color_top_image=&#8220;rgba(0,0,0,0)&#8220; border_width_right_image=&#8220;10px&#8220; border_color_right_image=&#8220;rgba(0,0,0,0)&#8220; image_max_width=&#8220;83px&#8220; global_colors_info=&#8220;{}&#8220; transform_styles__hover_enabled=&#8220;on|hover&#8220; transform_scale__hover_enabled=&#8220;on|hover&#8220; transform_translate__hover_enabled=&#8220;on&#8220; transform_rotate__hover_enabled=&#8220;on&#8220; transform_skew__hover_enabled=&#8220;on&#8220; transform_origin__hover_enabled=&#8220;on&#8220; custom_css_blurb_image_last_edited=&#8220;on|phone&#8220; custom_css_blurb_image_phone=&#8220;display: none;&#8220; header_level=&#8220;h3&#8243; sticky_enabled=&#8220;0&#8243;]<\/p>\n<p><span>Ihr Verm\u00f6gen hat die beste Beratung verdient.<\/span><\/p>\n<p>Ich <span>erstelle f\u00fcr Sie eine kurz- mittel- langfristige, ma\u00dfgeschneiderte und individuelle Investmentstrategie mit den exklusivsten Produkten vom gesamten Markt.<\/span><\/p>\n<p>Vorteil: Regelm\u00e4\u00dfige Betreuung der Portfolios mit einem antizyklischen und nachhaltigen Investmentansatz<\/p>\n<p>&nbsp;<\/p>\n<p>[\/et_pb_blurb][\/et_pb_column][et_pb_column type=&#8220;1_3&#8243; _builder_version=&#8220;4.14.7&#8243; _module_preset=&#8220;default&#8220; global_colors_info=&#8220;{}&#8220;][et_pb_blurb title=&#8220; Versicherungs-makler&#8220; icon_placement=&#8220;left&#8220; image_icon_width=&#8220;90px&#8220; _builder_version=&#8220;4.14.7&#8243; _module_preset=&#8220;default&#8220; header_font=&#8220;aventa|600||on|||||&#8220; header_text_color=&#8220;#D7B46A&#8220; header_font_size=&#8220;14px&#8220; header_line_height=&#8220;1.7em&#8220; body_font=&#8220;Muli||||||||&#8220; body_text_color=&#8220;#F2F2F2&#8243; body_font_size=&#8220;15px&#8220; transform_translate_linked__hover=&#8220;off&#8220; custom_padding=&#8220;16px|5%||&#8220; animation=&#8220;off&#8220; hover_enabled=&#8220;0&#8243; border_width_top_image=&#8220;8px&#8220; border_color_top_image=&#8220;rgba(0,0,0,0)&#8220; border_width_right_image=&#8220;10px&#8220; border_color_right_image=&#8220;rgba(0,0,0,0)&#8220; image_max_width=&#8220;83px&#8220; global_colors_info=&#8220;{}&#8220; transform_styles__hover_enabled=&#8220;on|hover&#8220; transform_scale__hover_enabled=&#8220;on|hover&#8220; transform_translate__hover_enabled=&#8220;on&#8220; transform_rotate__hover_enabled=&#8220;on&#8220; transform_skew__hover_enabled=&#8220;on&#8220; transform_origin__hover_enabled=&#8220;on&#8220; custom_css_blurb_image_last_edited=&#8220;on|phone&#8220; custom_css_blurb_image_phone=&#8220;display: none;&#8220; header_level=&#8220;h3&#8243; sticky_enabled=&#8220;0&#8243;]<\/p>\n<p>Perfekte Versicherungsl\u00f6sungen mit exklusiven Produkten \u00fcber alle Sparten: Versichern, Absichern und Vorsorgen.<\/p>\n<p><span>\u00a0<\/span><\/p>\n<p>[\/et_pb_blurb][\/et_pb_column][\/et_pb_row][\/et_pb_section][et_pb_section fb_built=&#8220;1&#8243; _builder_version=&#8220;4.14.7&#8243; _module_preset=&#8220;default&#8220; background_color=&#8220;#202021&#8243; background_image=&#8220;https:\/\/edtmeier-finanz-optimierung.at\/wp-content\/uploads\/2022\/03\/terasse.jpg&#8220; parallax=&#8220;on&#8220; parallax_method=&#8220;off&#8220; min_height=&#8220;50vh&#8220; custom_padding=&#8220;103px||103px||true|&#8220; global_colors_info=&#8220;{}&#8220;][\/et_pb_section]<\/p>\n","protected":false},"excerpt":{"rendered":"<p>\u00dcber unsDer Brilliant unter den DiamantenSeit 1998 ist es meine Passion, f\u00fcr Privat- und Firmenkunden unabh\u00e4ngige und ma\u00dfgeschneiderte Finanzl\u00f6sungen zu pr\u00e4sentieren. Meine Gewerbeberechtigungen umfassen die T\u00e4tigkeitsbereiche Verm\u00f6gensberatung, Finanzierungsberatung und Versicherungsmakler. Ich kooperiere mit den rund 100 besten Gesellschaften am Finanzsektor. Durch meine exklusive und ma\u00dfgeschneiderte Beratung erm\u00f6glichen ich meinen Kunden den Zugang zu einzigartigen Finanzprodukten. [&hellip;]<\/p>\n","protected":false},"author":1,"featured_media":0,"parent":0,"menu_order":0,"comment_status":"closed","ping_status":"closed","template":"","meta":{"_et_pb_use_builder":"on","_et_pb_old_content":"","_et_gb_content_width":"","footnotes":""},"class_list":["post-37","page","type-page","status-publish","hentry"],"_links":{"self":[{"href":"https:\/\/edtmeier-finanz-optimierung.at\/index.php?rest_route=\/wp\/v2\/pages\/37","targetHints":{"allow":["GET"]}}],"collection":[{"href":"https:\/\/edtmeier-finanz-optimierung.at\/index.php?rest_route=\/wp\/v2\/pages"}],"about":[{"href":"https:\/\/edtmeier-finanz-optimierung.at\/index.php?rest_route=\/wp\/v2\/types\/page"}],"author":[{"embeddable":true,"href":"https:\/\/edtmeier-finanz-optimierung.at\/index.php?rest_route=\/wp\/v2\/users\/1"}],"replies":[{"embeddable":true,"href":"https:\/\/edtmeier-finanz-optimierung.at\/index.php?rest_route=%2Fwp%2Fv2%2Fcomments&post=37"}],"version-history":[{"count":142,"href":"https:\/\/edtmeier-finanz-optimierung.at\/index.php?rest_route=\/wp\/v2\/pages\/37\/revisions"}],"predecessor-version":[{"id":623,"href":"https:\/\/edtmeier-finanz-optimierung.at\/index.php?rest_route=\/wp\/v2\/pages\/37\/revisions\/623"}],"wp:attachment":[{"href":"https:\/\/edtmeier-finanz-optimierung.at\/index.php?rest_route=%2Fwp%2Fv2%2Fmedia&parent=37"}],"curies":[{"name":"wp","href":"https:\/\/api.w.org\/{rel}","templated":true}]}}